{"id":354,"date":"2020-01-05T21:32:49","date_gmt":"2020-01-05T20:32:49","guid":{"rendered":"http:\/\/www.birbamergut.it\/?page_id=354"},"modified":"2021-10-11T09:19:07","modified_gmt":"2021-10-11T07:19:07","slug":"impressum","status":"publish","type":"page","link":"https:\/\/www.birbamergut.it\/en\/impressum\/","title":{"rendered":"Legal notice"},"content":{"rendered":"<div data-elementor-type=\"wp-page\" data-elementor-id=\"354\" class=\"elementor elementor-354\" data-elementor-settings=\"{&quot;ha_cmc_init_switcher&quot;:&quot;no&quot;}\">\n\t\t\t\t\t\t<section class=\"elementor-section elementor-top-section elementor-element elementor-element-7aed436d elementor-section-stretched elementor-section-boxed elementor-section-height-default elementor-section-height-default\" data-id=\"7aed436d\" data-element_type=\"section\" data-e-type=\"section\" data-settings=\"{&quot;stretch_section&quot;:&quot;section-stretched&quot;,&quot;_ha_eqh_enable&quot;:false}\">\n\t\t\t\t\t\t<div class=\"elementor-container elementor-column-gap-default\">\n\t\t\t\t\t<div class=\"elementor-column elementor-col-100 elementor-top-column elementor-element elementor-element-491dbd05\" data-id=\"491dbd05\" data-element_type=\"column\" data-e-type=\"column\">\n\t\t\t<div class=\"elementor-widget-wrap elementor-element-populated\">\n\t\t\t\t\t\t<div class=\"elementor-element elementor-element-47358a37 elementor-widget elementor-widget-text-editor\" data-id=\"47358a37\" data-element_type=\"widget\" data-e-type=\"widget\" data-widget_type=\"text-editor.default\">\n\t\t\t\t<div class=\"elementor-widget-container\">\n\t\t\t\t\t\t\t\t\t<h3 style=\"text-align: center;\">Ersteller der Webseite und verwantwortliche Person<\/h3>\n<p style=\"font-size: 1.2em; text-align: center;\">Wolfgang Vigl<br>Antlas 11<br>39054 Ritten<br>Italien<\/p>\n<h3 style=\"text-align: center;\">Urheberrecht<\/h3>\n<p>Die durch die Seitenbetreiber erstellten Inhalte und Werke auf diesen Seiten unterliegen dem Urheberrecht. Die Vervielf\u00e4ltigung, Bearbeitung, Verbreitung und jede Art der Verwertung au\u00dferhalb der Grenzen des Urheberrechtes bed\u00fcrfen der schriftlichen Zustimmung des jeweiligen Autors bzw. Erstellers. Downloads und Kopien dieser Seite sind nur f\u00fcr den privaten, nicht kommerziellen Gebrauch gestattet.<\/p>\n<p>Soweit die Inhalte auf dieser Seite nicht vom Betreiber erstellt wurden, werden die Urheberrechte Dritter beachtet. Insbesondere werden Inhalte Dritter als solche gekennzeichnet. Sollten Sie trotzdem auf eine Urheberrechtsverletzung aufmerksam werden, bitten wir um einen entsprechenden Hinweis. Bei Bekanntwerden von Rechtsverletzungen werden wir derartige Inhalte umgehend entfernen.<\/p>\n<h2 style=\"text-align: center;\">Contact<\/h2>\n<p>Phone: +43 67764000922<br>E-Mail: info@birbamergut.it<\/p>\t\t\t\t\t\t\t\t<\/div>\n\t\t\t\t<\/div>\n\t\t\t\t\t<\/div>\n\t\t<\/div>\n\t\t\t\t\t<\/div>\n\t\t<\/section>\n\t\t\t\t<section class=\"elementor-section elementor-top-section elementor-element elementor-element-fb5f8ed elementor-section-boxed elementor-section-height-default elementor-section-height-default\" data-id=\"fb5f8ed\" data-element_type=\"section\" data-e-type=\"section\" data-settings=\"{&quot;_ha_eqh_enable&quot;:false}\">\n\t\t\t\t\t\t<div class=\"elementor-container elementor-column-gap-default\">\n\t\t\t\t\t<div class=\"elementor-column elementor-col-100 elementor-top-column elementor-element elementor-element-3fcc997\" data-id=\"3fcc997\" data-element_type=\"column\" data-e-type=\"column\">\n\t\t\t<div class=\"elementor-widget-wrap\">\n\t\t\t\t\t\t\t<\/div>\n\t\t<\/div>\n\t\t\t\t\t<\/div>\n\t\t<\/section>\n\t\t\t\t<\/div>","protected":false},"excerpt":{"rendered":"<p>Ersteller der Webseite und verwantwortliche Person Wolfgang ViglAntlas 1139054 RittenItalien Urheberrecht Die durch die Seitenbetreiber erstellten Inhalte und Werke auf diesen Seiten unterliegen dem Urheberrecht. Die Vervielf\u00e4ltigung, Bearbeitung, Verbreitung und jede Art der Verwertung au\u00dferhalb der Grenzen des Urheberrechtes bed\u00fcrfen der schriftlichen Zustimmung des jeweiligen Autors bzw. Erstellers. Downloads und Kopien dieser Seite sind nur [&hellip;]<\/p>\n","protected":false},"author":1,"featured_media":0,"parent":0,"menu_order":11,"comment_status":"closed","ping_status":"closed","template":"","meta":{"ngg_post_thumbnail":0,"footnotes":""},"class_list":["post-354","page","type-page","status-publish","hentry"],"yoast_head":"\n<title>Impressum | BIRBAMERGUT - Ferienwohnung in S\u00fcdtirol<\/title>\n<meta name=\"description\" content=\"Ferienwohnung f\u00fcr Ihren Wohlf\u00fchlurlaub am Ritten in S\u00fcdtirol. Gute M\u00f6glichkeiten zum Wandern in den Bergen S\u00fcdtirols, auch f\u00fcr f\u00fcnf &amp; sechs Personen.\" \/>\n<meta name=\"robots\" content=\"noindex, nofollow\" \/>\n<meta property=\"og:locale\" content=\"en_GB\" \/>\n<meta property=\"og:type\" content=\"article\" \/>\n<meta property=\"og:title\" content=\"Impressum | BIRBAMERGUT - Ferienwohnung in S\u00fcdtirol\" \/>\n<meta property=\"og:description\" content=\"Ferienwohnung f\u00fcr Ihren Wohlf\u00fchlurlaub am Ritten in S\u00fcdtirol. Gute M\u00f6glichkeiten zum Wandern in den Bergen S\u00fcdtirols, auch f\u00fcr f\u00fcnf &amp; sechs Personen.\" \/>\n<meta property=\"og:url\" content=\"https:\/\/www.birbamergut.it\/en\/impressum\/\" \/>\n<meta property=\"og:site_name\" content=\"Birbamergut\" \/>\n<meta property=\"article:modified_time\" content=\"2021-10-11T07:19:07+00:00\" \/>\n<meta name=\"twitter:card\" content=\"summary_large_image\" \/>\n<meta name=\"twitter:label1\" content=\"Estimated reading time\" \/>\n\t<meta name=\"twitter:data1\" content=\"1 minute\" \/>\n<script type=\"application\/ld+json\" class=\"yoast-schema-graph\">{\"@context\":\"https:\\\/\\\/schema.org\",\"@graph\":[{\"@type\":\"WebPage\",\"@id\":\"https:\\\/\\\/www.birbamergut.it\\\/impressum\\\/\",\"url\":\"https:\\\/\\\/www.birbamergut.it\\\/impressum\\\/\",\"name\":\"Impressum | BIRBAMERGUT - Ferienwohnung in S\u00fcdtirol\",\"isPartOf\":{\"@id\":\"https:\\\/\\\/www.birbamergut.it\\\/#website\"},\"datePublished\":\"2020-01-05T20:32:49+00:00\",\"dateModified\":\"2021-10-11T07:19:07+00:00\",\"description\":\"Ferienwohnung f\u00fcr Ihren Wohlf\u00fchlurlaub am Ritten in S\u00fcdtirol. Gute M\u00f6glichkeiten zum Wandern in den Bergen S\u00fcdtirols, auch f\u00fcr f\u00fcnf & sechs Personen.\",\"breadcrumb\":{\"@id\":\"https:\\\/\\\/www.birbamergut.it\\\/impressum\\\/#breadcrumb\"},\"inLanguage\":\"en-GB\",\"potentialAction\":[{\"@type\":\"ReadAction\",\"target\":[\"https:\\\/\\\/www.birbamergut.it\\\/impressum\\\/\"]}]},{\"@type\":\"BreadcrumbList\",\"@id\":\"https:\\\/\\\/www.birbamergut.it\\\/impressum\\\/#breadcrumb\",\"itemListElement\":[{\"@type\":\"ListItem\",\"position\":1,\"name\":\"Startseite\",\"item\":\"https:\\\/\\\/www.birbamergut.it\\\/\"},{\"@type\":\"ListItem\",\"position\":2,\"name\":\"Impressum\"}]},{\"@type\":\"WebSite\",\"@id\":\"https:\\\/\\\/www.birbamergut.it\\\/#website\",\"url\":\"https:\\\/\\\/www.birbamergut.it\\\/\",\"name\":\"Birbamergut\",\"description\":\"Ruhe und Urlaub am Ritten\",\"publisher\":{\"@id\":\"https:\\\/\\\/www.birbamergut.it\\\/#organization\"},\"inLanguage\":\"en-GB\"},{\"@type\":\"Organization\",\"@id\":\"https:\\\/\\\/www.birbamergut.it\\\/#organization\",\"name\":\"Birbamergut\",\"url\":\"https:\\\/\\\/www.birbamergut.it\\\/\",\"logo\":{\"@type\":\"ImageObject\",\"inLanguage\":\"en-GB\",\"@id\":\"https:\\\/\\\/www.birbamergut.it\\\/#\\\/schema\\\/logo\\\/image\\\/\",\"url\":\"https:\\\/\\\/www.birbamergut.it\\\/content\\\/uploads\\\/2020\\\/01\\\/logo-mainpage-e1578314587238.png\",\"contentUrl\":\"https:\\\/\\\/www.birbamergut.it\\\/content\\\/uploads\\\/2020\\\/01\\\/logo-mainpage-e1578314587238.png\",\"width\":400,\"height\":105,\"caption\":\"Birbamergut\"},\"image\":{\"@id\":\"https:\\\/\\\/www.birbamergut.it\\\/#\\\/schema\\\/logo\\\/image\\\/\"}}]}<\/script>\n","yoast_head_json":{"title":"Impressum | BIRBAMERGUT - Ferienwohnung in S\u00fcdtirol","description":"Ferienwohnung f\u00fcr Ihren Wohlf\u00fchlurlaub am Ritten in S\u00fcdtirol. Gute M\u00f6glichkeiten zum Wandern in den Bergen S\u00fcdtirols, auch f\u00fcr f\u00fcnf & sechs Personen.","robots":{"index":"noindex","follow":"nofollow"},"og_locale":"en_GB","og_type":"article","og_title":"Impressum | BIRBAMERGUT - Ferienwohnung in S\u00fcdtirol","og_description":"Ferienwohnung f\u00fcr Ihren Wohlf\u00fchlurlaub am Ritten in S\u00fcdtirol. Gute M\u00f6glichkeiten zum Wandern in den Bergen S\u00fcdtirols, auch f\u00fcr f\u00fcnf & sechs Personen.","og_url":"https:\/\/www.birbamergut.it\/en\/impressum\/","og_site_name":"Birbamergut","article_modified_time":"2021-10-11T07:19:07+00:00","twitter_card":"summary_large_image","twitter_misc":{"Estimated reading time":"1 minute"},"schema":{"@context":"https:\/\/schema.org","@graph":[{"@type":"WebPage","@id":"https:\/\/www.birbamergut.it\/impressum\/","url":"https:\/\/www.birbamergut.it\/impressum\/","name":"Impressum | BIRBAMERGUT - Ferienwohnung in S\u00fcdtirol","isPartOf":{"@id":"https:\/\/www.birbamergut.it\/#website"},"datePublished":"2020-01-05T20:32:49+00:00","dateModified":"2021-10-11T07:19:07+00:00","description":"Ferienwohnung f\u00fcr Ihren Wohlf\u00fchlurlaub am Ritten in S\u00fcdtirol. Gute M\u00f6glichkeiten zum Wandern in den Bergen S\u00fcdtirols, auch f\u00fcr f\u00fcnf & sechs Personen.","breadcrumb":{"@id":"https:\/\/www.birbamergut.it\/impressum\/#breadcrumb"},"inLanguage":"en-GB","potentialAction":[{"@type":"ReadAction","target":["https:\/\/www.birbamergut.it\/impressum\/"]}]},{"@type":"BreadcrumbList","@id":"https:\/\/www.birbamergut.it\/impressum\/#breadcrumb","itemListElement":[{"@type":"ListItem","position":1,"name":"Startseite","item":"https:\/\/www.birbamergut.it\/"},{"@type":"ListItem","position":2,"name":"Impressum"}]},{"@type":"WebSite","@id":"https:\/\/www.birbamergut.it\/#website","url":"https:\/\/www.birbamergut.it\/","name":"Birbamergut","description":"Ruhe und Urlaub am Ritten","publisher":{"@id":"https:\/\/www.birbamergut.it\/#organization"},"inLanguage":"en-GB"},{"@type":"Organization","@id":"https:\/\/www.birbamergut.it\/#organization","name":"Birbamergut","url":"https:\/\/www.birbamergut.it\/","logo":{"@type":"ImageObject","inLanguage":"en-GB","@id":"https:\/\/www.birbamergut.it\/#\/schema\/logo\/image\/","url":"https:\/\/www.birbamergut.it\/content\/uploads\/2020\/01\/logo-mainpage-e1578314587238.png","contentUrl":"https:\/\/www.birbamergut.it\/content\/uploads\/2020\/01\/logo-mainpage-e1578314587238.png","width":400,"height":105,"caption":"Birbamergut"},"image":{"@id":"https:\/\/www.birbamergut.it\/#\/schema\/logo\/image\/"}}]}},"_links":{"self":[{"href":"https:\/\/www.birbamergut.it\/en\/wp-json\/wp\/v2\/pages\/354","targetHints":{"allow":["GET"]}}],"collection":[{"href":"https:\/\/www.birbamergut.it\/en\/wp-json\/wp\/v2\/pages"}],"about":[{"href":"https:\/\/www.birbamergut.it\/en\/wp-json\/wp\/v2\/types\/page"}],"author":[{"embeddable":true,"href":"https:\/\/www.birbamergut.it\/en\/wp-json\/wp\/v2\/users\/1"}],"replies":[{"embeddable":true,"href":"https:\/\/www.birbamergut.it\/en\/wp-json\/wp\/v2\/comments?post=354"}],"version-history":[{"count":1,"href":"https:\/\/www.birbamergut.it\/en\/wp-json\/wp\/v2\/pages\/354\/revisions"}],"predecessor-version":[{"id":4895,"href":"https:\/\/www.birbamergut.it\/en\/wp-json\/wp\/v2\/pages\/354\/revisions\/4895"}],"wp:attachment":[{"href":"https:\/\/www.birbamergut.it\/en\/wp-json\/wp\/v2\/media?parent=354"}],"curies":[{"name":"wp","href":"https:\/\/api.w.org\/{rel}","templated":true}]}}