{"id":998,"date":"2020-02-12T20:28:56","date_gmt":"2020-02-12T19:28:56","guid":{"rendered":"http:\/\/www.birbamergut.it\/?page_id=998"},"modified":"2024-12-26T10:36:12","modified_gmt":"2024-12-26T09:36:12","slug":"anfahrt-und-lage","status":"publish","type":"page","link":"https:\/\/www.birbamergut.it\/en\/anfahrt-und-lage\/","title":{"rendered":"Directions and Location"},"content":{"rendered":"\t\t<div data-elementor-type=\"wp-page\" data-elementor-id=\"998\" class=\"elementor elementor-998\" data-elementor-settings=\"{&quot;ha_cmc_init_switcher&quot;:&quot;no&quot;}\">\n\t\t\t\t\t\t<section class=\"elementor-section elementor-top-section elementor-element elementor-element-411ed2fb elementor-section-stretched elementor-section-boxed elementor-section-height-default elementor-section-height-default\" data-id=\"411ed2fb\" data-element_type=\"section\" data-e-type=\"section\" data-settings=\"{&quot;stretch_section&quot;:&quot;section-stretched&quot;,&quot;_ha_eqh_enable&quot;:false}\">\n\t\t\t\t\t\t<div class=\"elementor-container elementor-column-gap-default\">\n\t\t\t\t\t<div class=\"elementor-column elementor-col-100 elementor-top-column elementor-element elementor-element-9504b9e\" data-id=\"9504b9e\" data-element_type=\"column\" data-e-type=\"column\">\n\t\t\t<div class=\"elementor-widget-wrap elementor-element-populated\">\n\t\t\t\t\t\t<div class=\"elementor-element elementor-element-6aa4de38 elementor-widget elementor-widget-heading\" data-id=\"6aa4de38\" data-element_type=\"widget\" data-e-type=\"widget\" data-widget_type=\"heading.default\">\n\t\t\t\t<div class=\"elementor-widget-container\">\n\t\t\t\t\t<h1 class=\"elementor-heading-title elementor-size-default\">Lage der Ferienwohnung<\/h1>\t\t\t\t<\/div>\n\t\t\t\t<\/div>\n\t\t\t\t<div class=\"elementor-element elementor-element-ea6f7d5 elementor-widget elementor-widget-text-editor\" data-id=\"ea6f7d5\" data-element_type=\"widget\" data-e-type=\"widget\" data-widget_type=\"text-editor.default\">\n\t\t\t\t<div class=\"elementor-widget-container\">\n\t\t\t\t\t\t\t\t\t<p>Die Ferienwohnung Birbamergut liegt in S\u00fcdtirol, eine zweisprachige Provinz in Italien direkt an der Grenze zu \u00d6sterreich. Zu den Sprachen des Landes geh\u00f6ren in erster Linie Deutsch und Italienisch, wobei in einigen Landesstellen auch Ladinisch gesprochen wird. Diese Vielsprachigkeit geh\u00f6rt zu den besonderen Merkmalen der Autonomen Provinz.\u00a0<\/p><p>Geografisch liegt die Ferienwohnung in der Mitte S\u00fcdtirols, in der Gemeinde Ritten.\u00a0 Die St\u00e4dte Bozen und Brixen k\u00f6nnen in 35 Minuten, Klausen in 25 Minuten und Meran in 60 Minuten erreicht werden. Der Standort der Ferienwohnung erm\u00f6glicht Tagesausfl\u00fcge und Wanderungen in alle Richtungen S\u00fcdtirols, wie bspw. zu den Dolomiten, der Seiser Alm, dem Rittner Horn und vielen weiteren tollen Ausflugszielen.\u00a0<\/p>\t\t\t\t\t\t\t\t<\/div>\n\t\t\t\t<\/div>\n\t\t\t\t<div class=\"elementor-element elementor-element-2aed098 elementor-widget elementor-widget-html\" data-id=\"2aed098\" data-element_type=\"widget\" data-e-type=\"widget\" data-widget_type=\"html.default\">\n\t\t\t\t<div class=\"elementor-widget-container\">\n\t\t\t\t\t\n<div class=\"map southtyrol\">\n\n<img decoding=\"async\" style=\"width: 100%; height: auto;\" src=\"\/content\/uploads\/2022\/08\/suedtirol_karte.png\"\/>\n    \n    <div class=\"pin animated\" id=\"pinBG\" \nstyle=\"animation-delay: 3s; \"><div style=\"background-image: url(\/content\/uploads\/2020\/07\/BGWhite.png);\"><\/div><\/div>\n    \n    <p class=\"place\" id=\"labelBozen\" style=\"animation-delay: 1s;\">Bozen<\/p>\n    <p class=\"place\" id=\"labelBrixen\" style=\"animation-delay: 1.3s; \">Brixen<\/p>\n    <p class=\"place\" id=\"labelMeran\" style=\"animation-delay: 1.6s;\">Meran<\/p>\n    <p class=\"place\" id=\"labelSchlanders\" style=\"animation-delay: 1.9s;\">Schlanders<\/p>\n    <p class=\"place\" id=\"labelBruneck\" style=\"animation-delay: 2.2s\">Bruneck<\/p>\n    <p class=\"place\" id=\"labelSterzing\" style=\"animation-delay: 2.5s\">Sterzing<\/p>\n<\/div> \n\n<script>\n\nvar isMobile = false; \/\/initiate as false\n\/\/ device detection\nif(\/(android|bb\\d+|meego).+mobile|avantgo|bada\\\/|blackberry|blazer|compal|elaine|fennec|hiptop|iemobile|ip(hone|od)|ipad|iris|kindle|Android|Silk|lge |maemo|midp|mmp|netfront|opera m(ob|in)i|palm( os)?|phone|p(ixi|re)\\\/|plucker|pocket|psp|series(4|6)0|symbian|treo|up\\.(browser|link)|vodafone|wap|windows (ce|phone)|xda|xiino\/i.test(navigator.userAgent) \n    || \/1207|6310|6590|3gso|4thp|50[1-6]i|770s|802s|a wa|abac|ac(er|oo|s\\-)|ai(ko|rn)|al(av|ca|co)|amoi|an(ex|ny|yw)|aptu|ar(ch|go)|as(te|us)|attw|au(di|\\-m|r |s )|avan|be(ck|ll|nq)|bi(lb|rd)|bl(ac|az)|br(e|v)w|bumb|bw\\-(n|u)|c55\\\/|capi|ccwa|cdm\\-|cell|chtm|cldc|cmd\\-|co(mp|nd)|craw|da(it|ll|ng)|dbte|dc\\-s|devi|dica|dmob|do(c|p)o|ds(12|\\-d)|el(49|ai)|em(l2|ul)|er(ic|k0)|esl8|ez([4-7]0|os|wa|ze)|fetc|fly(\\-|_)|g1 u|g560|gene|gf\\-5|g\\-mo|go(\\.w|od)|gr(ad|un)|haie|hcit|hd\\-(m|p|t)|hei\\-|hi(pt|ta)|hp( i|ip)|hs\\-c|ht(c(\\-| |_|a|g|p|s|t)|tp)|hu(aw|tc)|i\\-(20|go|ma)|i230|iac( |\\-|\\\/)|ibro|idea|ig01|ikom|im1k|inno|ipaq|iris|ja(t|v)a|jbro|jemu|jigs|kddi|keji|kgt( |\\\/)|klon|kpt |kwc\\-|kyo(c|k)|le(no|xi)|lg( g|\\\/(k|l|u)|50|54|\\-[a-w])|libw|lynx|m1\\-w|m3ga|m50\\\/|ma(te|ui|xo)|mc(01|21|ca)|m\\-cr|me(rc|ri)|mi(o8|oa|ts)|mmef|mo(01|02|bi|de|do|t(\\-| |o|v)|zz)|mt(50|p1|v )|mwbp|mywa|n10[0-2]|n20[2-3]|n30(0|2)|n50(0|2|5)|n7(0(0|1)|10)|ne((c|m)\\-|on|tf|wf|wg|wt)|nok(6|i)|nzph|o2im|op(ti|wv)|oran|owg1|p800|pan(a|d|t)|pdxg|pg(13|\\-([1-8]|c))|phil|pire|pl(ay|uc)|pn\\-2|po(ck|rt|se)|prox|psio|pt\\-g|qa\\-a|qc(07|12|21|32|60|\\-[2-7]|i\\-)|qtek|r380|r600|raks|rim9|ro(ve|zo)|s55\\\/|sa(ge|ma|mm|ms|ny|va)|sc(01|h\\-|oo|p\\-)|sdk\\\/|se(c(\\-|0|1)|47|mc|nd|ri)|sgh\\-|shar|sie(\\-|m)|sk\\-0|sl(45|id)|sm(al|ar|b3|it|t5)|so(ft|ny)|sp(01|h\\-|v\\-|v )|sy(01|mb)|t2(18|50)|t6(00|10|18)|ta(gt|lk)|tcl\\-|tdg\\-|tel(i|m)|tim\\-|t\\-mo|to(pl|sh)|ts(70|m\\-|m3|m5)|tx\\-9|up(\\.b|g1|si)|utst|v400|v750|veri|vi(rg|te)|vk(40|5[0-3]|\\-v)|vm40|voda|vulc|vx(52|53|60|61|70|80|81|83|85|98)|w3c(\\-| )|webc|whit|wi(g |nc|nw)|wmlb|wonu|x700|yas\\-|your|zeto|zte\\-\/i.test(navigator.userAgent.substr(0,4))) { \n    isMobile = true;\n}\n\nvar schwellenwert = 0.6;\nif(isMobile)\n  schwellenwert = 0.85;\n\n    ;(function($, win) {\n  $.fn.inViewport = function(cb) {\n     return this.each(function(i,el){\n       function visPx(){\n         var H = $(this).height()*schwellenwert,\n             r = el.getBoundingClientRect(), t=r.top, b=r.bottom;\n         return cb.call(el, Math.max(0, t>0? H-t : (b<H?b:H)));  \n       } visPx();\n       $(win).on(\"resize scroll\", visPx);\n     });\n  };\n}(jQuery, window));\n\n\n$(\"#pinBG, .place\").inViewport(function(px){\n    if(px){\n        schwellenwert = 1;\n            if (!$(this).hasClass(\"no\")) {\n            $(this).addClass(\"bounceIn\");\n            t = setTimeout($.proxy(function(){\n                $(this).css(\"opacity\", \"1\");\n                $(this).removeClass(\"bounceIn\");\n                $(this).addClass(\"no\");\n            }, this),4300);\n            $(\"#pinBG\").click(function(){\n                window.open('https:\/\/www.g.page\/birbamergut', '_blank');\n            });\n            \n        }\n    }\n    \n});\n\n<\/script>\n\n\n\n\t\t\t\t<\/div>\n\t\t\t\t<\/div>\n\t\t\t\t<div class=\"elementor-element elementor-element-3da0a96 elementor-widget elementor-widget-text-editor\" data-id=\"3da0a96\" data-element_type=\"widget\" data-e-type=\"widget\" data-widget_type=\"text-editor.default\">\n\t\t\t\t<div class=\"elementor-widget-container\">\n\t\t\t\t\t\t\t\t\t<p>Das Birbamergut liegt im Weiler Antlas, einer ruhigen Gegend am Ritten. Schon nach einem kurzen Spaziergang von sieben Minuten erreicht man die Hofsch\u00e4nke\u00a0Zunerhof und das Andreas \u2013Kirchlein.<\/p><p>Oberhalb des Birbamerguts liegt das Dorf Lengstein. Hier trifft man auf einen kleinen Dorfladen sowie drei Gastbetriebe. Weitere Einkaufsm\u00f6glichkeiten gibt es in den D\u00f6rfern Klobenstein, Oberbozen und Unterinn. Unterhalb der Ferienwohnung f\u00e4llt der Mischwald zuerst terrassenf\u00f6rmig, dann steil abfallend 500 H\u00f6henmeter bis zur Talsohle ab.<\/p>\t\t\t\t\t\t\t\t<\/div>\n\t\t\t\t<\/div>\n\t\t\t\t\t<\/div>\n\t\t<\/div>\n\t\t\t\t\t<\/div>\n\t\t<\/section>\n\t\t\t\t<section class=\"elementor-section elementor-top-section elementor-element elementor-element-7312de5 elementor-section-stretched elementor-section-boxed elementor-section-height-default elementor-section-height-default\" data-id=\"7312de5\" data-element_type=\"section\" data-e-type=\"section\" data-settings=\"{&quot;stretch_section&quot;:&quot;section-stretched&quot;,&quot;_ha_eqh_enable&quot;:false}\">\n\t\t\t\t\t\t<div class=\"elementor-container elementor-column-gap-default\">\n\t\t\t\t\t<div class=\"elementor-column elementor-col-100 elementor-top-column elementor-element elementor-element-cace397\" data-id=\"cace397\" data-element_type=\"column\" data-e-type=\"column\">\n\t\t\t<div class=\"elementor-widget-wrap elementor-element-populated\">\n\t\t\t\t\t\t<div class=\"elementor-element elementor-element-35e5af1 elementor-widget elementor-widget-heading\" data-id=\"35e5af1\" data-element_type=\"widget\" data-e-type=\"widget\" data-widget_type=\"heading.default\">\n\t\t\t\t<div class=\"elementor-widget-container\">\n\t\t\t\t\t<h2 class=\"elementor-heading-title elementor-size-default\">Anfahrt zum Ferienwohnung in Lengstein<\/h2>\t\t\t\t<\/div>\n\t\t\t\t<\/div>\n\t\t\t\t<div class=\"elementor-element elementor-element-2a0507a noMargin elementor-widget elementor-widget-text-editor\" data-id=\"2a0507a\" data-element_type=\"widget\" data-e-type=\"widget\" data-widget_type=\"text-editor.default\">\n\t\t\t\t<div class=\"elementor-widget-container\">\n\t\t\t\t\t\t\t\t\t<p>Es gibt grunds\u00e4tzlich <strong>zwei M\u00f6glichkeiten<\/strong>, die Ferienwohnung in <a href=\"https:\/\/www.suedtirol-it.com\/ritten\/lengstein.html\" target=\"_blank\" rel=\"noopener\">Lengstein<\/a> zu erreichen. Beide Anfahrtsm\u00f6glichkeiten f\u00fchren zum Dorf Lengstein, und haben Vor- und Nachteile:\u00a0<\/p>\t\t\t\t\t\t\t\t<\/div>\n\t\t\t\t<\/div>\n\t\t\t\t<div class=\"elementor-element elementor-element-1be36a7 elementor-icon-list--layout-traditional elementor-list-item-link-full_width elementor-widget elementor-widget-icon-list\" data-id=\"1be36a7\" data-element_type=\"widget\" data-e-type=\"widget\" data-widget_type=\"icon-list.default\">\n\t\t\t\t<div class=\"elementor-widget-container\">\n\t\t\t\t\t\t\t<ul class=\"elementor-icon-list-items\">\n\t\t\t\t\t\t\t<li class=\"elementor-icon-list-item\">\n\t\t\t\t\t\t\t\t\t\t\t<span class=\"elementor-icon-list-icon\">\n\t\t\t\t\t\t\t<svg aria-hidden=\"true\" class=\"e-font-icon-svg e-fas-check-circle\" viewBox=\"0 0 512 512\" xmlns=\"http:\/\/www.w3.org\/2000\/svg\"><path d=\"M504 256c0 136.967-111.033 248-248 248S8 392.967 8 256 119.033 8 256 8s248 111.033 248 248zM227.314 387.314l184-184c6.248-6.248 6.248-16.379 0-22.627l-22.627-22.627c-6.248-6.249-16.379-6.249-22.628 0L216 308.118l-70.059-70.059c-6.248-6.248-16.379-6.248-22.628 0l-22.627 22.627c-6.248 6.248-6.248 16.379 0 22.627l104 104c6.249 6.249 16.379 6.249 22.628.001z\"><\/path><\/svg>\t\t\t\t\t\t<\/span>\n\t\t\t\t\t\t\t\t\t\t<span class=\"elementor-icon-list-text\"><strong>\u00dcber die Abzweigung Bozen-Rentsch (Autobahn Ausfahrt Bozen Nord):<\/strong><br>Bequeme Anfahrt auf breiter, zweispuriger Stra\u00dfe bis Lengstein. Diese Option ist stets unsere Empfehlung.  <\/span>\n\t\t\t\t\t\t\t\t\t<\/li>\n\t\t\t\t\t\t\t\t<li class=\"elementor-icon-list-item\">\n\t\t\t\t\t\t\t\t\t\t\t<span class=\"elementor-icon-list-icon\">\n\t\t\t\t\t\t\t<svg aria-hidden=\"true\" class=\"e-font-icon-svg e-fas-check-circle\" viewBox=\"0 0 512 512\" xmlns=\"http:\/\/www.w3.org\/2000\/svg\"><path d=\"M504 256c0 136.967-111.033 248-248 248S8 392.967 8 256 119.033 8 256 8s248 111.033 248 248zM227.314 387.314l184-184c6.248-6.248 6.248-16.379 0-22.627l-22.627-22.627c-6.248-6.249-16.379-6.249-22.628 0L216 308.118l-70.059-70.059c-6.248-6.248-16.379-6.248-22.628 0l-22.627 22.627c-6.248 6.248-6.248 16.379 0 22.627l104 104c6.249 6.249 16.379 6.249 22.628.001z\"><\/path><\/svg>\t\t\t\t\t\t<\/span>\n\t\t\t\t\t\t\t\t\t\t<span class=\"elementor-icon-list-text\"><strong>\u00dcber Waidbruck \/ Barbian: <\/strong><br>Schnellere Variante sofern bei der Autobahn die Ausfahrt \"Klausen\" gew\u00e4hlt wird. Nach der Ortschaft Barbian ist die Stra\u00dfe einspurig, jedoch mit vielen Ausweichm\u00f6glichkeiten. <\/span>\n\t\t\t\t\t\t\t\t\t<\/li>\n\t\t\t\t\t\t<\/ul>\n\t\t\t\t\t\t<\/div>\n\t\t\t\t<\/div>\n\t\t\t\t<div class=\"elementor-element elementor-element-1b68e09 elementor-alert-danger round-note-big elementor-widget elementor-widget-alert\" data-id=\"1b68e09\" data-element_type=\"widget\" data-e-type=\"widget\" data-widget_type=\"alert.default\">\n\t\t\t\t<div class=\"elementor-widget-container\">\n\t\t\t\t\t\t\t<div class=\"elementor-alert\" role=\"alert\">\n\n\t\t\t\t\t\t<span class=\"elementor-alert-title\">Bitte beachten Sie:<\/span>\n\t\t\t\n\t\t\t\t\t\t<span class=\"elementor-alert-description\">Google Maps empfiehlt von Norden kommend die Ausfahrt Klausen, im Anschluss die Stra\u00dfe von <strong>Kollman<\/strong> nach Saubach. Diese Stra\u00dfe ist jedoch sehr eng und schlecht gewartet. Wir raten ab diese Stra\u00dfe zu verwenden. Unsere Empfehlung: \n<strong>Klausen -&gt; Waidbruck -&gt; Barbian -&gt; Saubach -&gt; Lengstein -&gt; Birbamergut <\/strong>.<\/span>\n\t\t\t\n\t\t\t\n\t\t<\/div>\n\t\t\t\t\t\t<\/div>\n\t\t\t\t<\/div>\n\t\t\t\t<div class=\"elementor-element elementor-element-27cf1ee elementor-widget elementor-widget-heading\" data-id=\"27cf1ee\" data-element_type=\"widget\" data-e-type=\"widget\" data-widget_type=\"heading.default\">\n\t\t\t\t<div class=\"elementor-widget-container\">\n\t\t\t\t\t<h3 class=\"elementor-heading-title elementor-size-default\">Beide Routen zur Unterkunft:<\/h3>\t\t\t\t<\/div>\n\t\t\t\t<\/div>\n\t\t\t\t<div class=\"elementor-element elementor-element-a2666a1 elementor-widget elementor-widget-text-editor\" data-id=\"a2666a1\" data-element_type=\"widget\" data-e-type=\"widget\" data-widget_type=\"text-editor.default\">\n\t\t\t\t<div class=\"elementor-widget-container\">\n\t\t\t\t\t\t\t\t\t<iframe src=\"https:\/\/www.google.com\/maps\/d\/u\/0\/embed?mid=1AW6sTyHE4r20dNKck58bFQMPgya50dG4\" width=\"640\" height=\"480\"><\/iframe>\t\t\t\t\t\t\t\t<\/div>\n\t\t\t\t<\/div>\n\t\t\t\t\t<\/div>\n\t\t<\/div>\n\t\t\t\t\t<\/div>\n\t\t<\/section>\n\t\t\t\t<section class=\"elementor-section elementor-top-section elementor-element elementor-element-676f72c1 elementor-section-boxed elementor-section-height-default elementor-section-height-default\" data-id=\"676f72c1\" data-element_type=\"section\" data-e-type=\"section\" data-settings=\"{&quot;_ha_eqh_enable&quot;:false}\">\n\t\t\t\t\t\t<div class=\"elementor-container elementor-column-gap-default\">\n\t\t\t\t\t<div class=\"elementor-column elementor-col-100 elementor-top-column elementor-element elementor-element-1a5b6e45\" data-id=\"1a5b6e45\" data-element_type=\"column\" data-e-type=\"column\">\n\t\t\t<div class=\"elementor-widget-wrap elementor-element-populated\">\n\t\t\t\t\t\t<div class=\"elementor-element elementor-element-7191903f elementor-widget elementor-widget-heading\" data-id=\"7191903f\" data-element_type=\"widget\" data-e-type=\"widget\" data-widget_type=\"heading.default\">\n\t\t\t\t<div class=\"elementor-widget-container\">\n\t\t\t\t\t<h5 class=\"elementor-heading-title elementor-size-default\">\u00dcber unserem Kontakt-Formular k\u00f6nnen Sie unverbindlich eine Reservierungsanfrage senden. Wir freuen uns auf Ihre Nachricht!<\/h5>\t\t\t\t<\/div>\n\t\t\t\t<\/div>\n\t\t\t\t<div class=\"elementor-element elementor-element-16c0fde elementor-align-center elementor-widget elementor-widget-button\" data-id=\"16c0fde\" data-element_type=\"widget\" data-e-type=\"widget\" data-widget_type=\"button.default\">\n\t\t\t\t<div class=\"elementor-widget-container\">\n\t\t\t\t\t\t\t\t\t<div class=\"elementor-button-wrapper\">\n\t\t\t\t\t<a class=\"elementor-button elementor-button-link elementor-size-md elementor-animation-grow\" href=\"\/kontakt\" target=\"_blank\">\n\t\t\t\t\t\t<span class=\"elementor-button-content-wrapper\">\n\t\t\t\t\t\t<span class=\"elementor-button-icon\">\n\t\t\t\t<svg aria-hidden=\"true\" class=\"e-font-icon-svg e-fas-bed\" viewBox=\"0 0 640 512\" xmlns=\"http:\/\/www.w3.org\/2000\/svg\"><path d=\"M176 256c44.11 0 80-35.89 80-80s-35.89-80-80-80-80 35.89-80 80 35.89 80 80 80zm352-128H304c-8.84 0-16 7.16-16 16v144H64V80c0-8.84-7.16-16-16-16H16C7.16 64 0 71.16 0 80v352c0 8.84 7.16 16 16 16h32c8.84 0 16-7.16 16-16v-48h512v48c0 8.84 7.16 16 16 16h32c8.84 0 16-7.16 16-16V240c0-61.86-50.14-112-112-112z\"><\/path><\/svg>\t\t\t<\/span>\n\t\t\t\t\t\t\t\t\t<span class=\"elementor-button-text\">Unverbindlich anfragen<\/span>\n\t\t\t\t\t<\/span>\n\t\t\t\t\t<\/a>\n\t\t\t\t<\/div>\n\t\t\t\t\t\t\t\t<\/div>\n\t\t\t\t<\/div>\n\t\t\t\t\t<\/div>\n\t\t<\/div>\n\t\t\t\t\t<\/div>\n\t\t<\/section>\n\t\t\t\t<\/div>\n\t\t","protected":false},"excerpt":{"rendered":"<p>Lage der Ferienwohnung Die Ferienwohnung Birbamergut liegt in S\u00fcdtirol, eine zweisprachige Provinz in Italien direkt an der Grenze zu \u00d6sterreich. Zu den Sprachen des Landes geh\u00f6ren in erster Linie Deutsch und Italienisch, wobei in einigen Landesstellen auch Ladinisch gesprochen wird. Diese Vielsprachigkeit geh\u00f6rt zu den besonderen Merkmalen der Autonomen Provinz.&nbsp; Geografisch liegt die Ferienwohnung in [&hellip;]<\/p>\n","protected":false},"author":1,"featured_media":0,"parent":0,"menu_order":0,"comment_status":"closed","ping_status":"closed","template":"elementor_header_footer","meta":{"ngg_post_thumbnail":0,"footnotes":""},"class_list":["post-998","page","type-page","status-publish","hentry"],"yoast_head":"\n<title>Lage &amp; Anfahrt der Ferienwohnung am Ritten | BIRBAMERGUT<\/title>\n<meta name=\"description\" content=\"Lage der Ferienwohnung in Lengstein und Anfahrt zum Appartment. F\u00fcr eine bequeme Route zum Ferienhaus am Ritten, und einen guten Urlaubsstart\" \/>\n<meta name=\"robots\" content=\"index, follow, max-snippet:-1, max-image-preview:large, max-video-preview:-1\" \/>\n<link rel=\"canonical\" href=\"https:\/\/www.birbamergut.it\/en\/anfahrt-und-lage\/\" \/>\n<meta property=\"og:locale\" content=\"en_GB\" \/>\n<meta property=\"og:type\" content=\"article\" \/>\n<meta property=\"og:title\" content=\"Lage &amp; Anfahrt der Ferienwohnung am Ritten | BIRBAMERGUT\" \/>\n<meta property=\"og:description\" content=\"Lage der Ferienwohnung in Lengstein und Anfahrt zum Appartment. F\u00fcr eine bequeme Route zum Ferienhaus am Ritten, und einen guten Urlaubsstart\" \/>\n<meta property=\"og:url\" content=\"https:\/\/www.birbamergut.it\/en\/anfahrt-und-lage\/\" \/>\n<meta property=\"og:site_name\" content=\"Birbamergut\" \/>\n<meta property=\"article:modified_time\" content=\"2024-12-26T09:36:12+00:00\" \/>\n<meta name=\"twitter:card\" content=\"summary_large_image\" \/>\n<meta name=\"twitter:label1\" content=\"Estimated reading time\" \/>\n\t<meta name=\"twitter:data1\" content=\"3 minutes\" \/>\n<script type=\"application\/ld+json\" class=\"yoast-schema-graph\">{\"@context\":\"https:\\\/\\\/schema.org\",\"@graph\":[{\"@type\":\"WebPage\",\"@id\":\"https:\\\/\\\/www.birbamergut.it\\\/anfahrt-und-lage\\\/\",\"url\":\"https:\\\/\\\/www.birbamergut.it\\\/anfahrt-und-lage\\\/\",\"name\":\"Lage & Anfahrt der Ferienwohnung am Ritten | BIRBAMERGUT\",\"isPartOf\":{\"@id\":\"https:\\\/\\\/www.birbamergut.it\\\/#website\"},\"datePublished\":\"2020-02-12T19:28:56+00:00\",\"dateModified\":\"2024-12-26T09:36:12+00:00\",\"description\":\"Lage der Ferienwohnung in Lengstein und Anfahrt zum Appartment. F\u00fcr eine bequeme Route zum Ferienhaus am Ritten, und einen guten Urlaubsstart\",\"breadcrumb\":{\"@id\":\"https:\\\/\\\/www.birbamergut.it\\\/anfahrt-und-lage\\\/#breadcrumb\"},\"inLanguage\":\"en-GB\",\"potentialAction\":[{\"@type\":\"ReadAction\",\"target\":[\"https:\\\/\\\/www.birbamergut.it\\\/anfahrt-und-lage\\\/\"]}]},{\"@type\":\"BreadcrumbList\",\"@id\":\"https:\\\/\\\/www.birbamergut.it\\\/anfahrt-und-lage\\\/#breadcrumb\",\"itemListElement\":[{\"@type\":\"ListItem\",\"position\":1,\"name\":\"Startseite\",\"item\":\"https:\\\/\\\/www.birbamergut.it\\\/\"},{\"@type\":\"ListItem\",\"position\":2,\"name\":\"Anfahrt und Lage\"}]},{\"@type\":\"WebSite\",\"@id\":\"https:\\\/\\\/www.birbamergut.it\\\/#website\",\"url\":\"https:\\\/\\\/www.birbamergut.it\\\/\",\"name\":\"Birbamergut\",\"description\":\"Ruhe und Urlaub am Ritten\",\"publisher\":{\"@id\":\"https:\\\/\\\/www.birbamergut.it\\\/#organization\"},\"inLanguage\":\"en-GB\"},{\"@type\":\"Organization\",\"@id\":\"https:\\\/\\\/www.birbamergut.it\\\/#organization\",\"name\":\"Birbamergut\",\"url\":\"https:\\\/\\\/www.birbamergut.it\\\/\",\"logo\":{\"@type\":\"ImageObject\",\"inLanguage\":\"en-GB\",\"@id\":\"https:\\\/\\\/www.birbamergut.it\\\/#\\\/schema\\\/logo\\\/image\\\/\",\"url\":\"https:\\\/\\\/www.birbamergut.it\\\/content\\\/uploads\\\/2020\\\/01\\\/logo-mainpage-e1578314587238.png\",\"contentUrl\":\"https:\\\/\\\/www.birbamergut.it\\\/content\\\/uploads\\\/2020\\\/01\\\/logo-mainpage-e1578314587238.png\",\"width\":400,\"height\":105,\"caption\":\"Birbamergut\"},\"image\":{\"@id\":\"https:\\\/\\\/www.birbamergut.it\\\/#\\\/schema\\\/logo\\\/image\\\/\"}}]}<\/script>\n","yoast_head_json":{"title":"Location &amp; Approach of the holiday flat, Ritten | BIRBAMERGUT","description":"Lage der Ferienwohnung in Lengstein und Anfahrt zum Appartment. F\u00fcr eine bequeme Route zum Ferienhaus am Ritten, und einen guten Urlaubsstart","robots":{"index":"index","follow":"follow","max-snippet":"max-snippet:-1","max-image-preview":"max-image-preview:large","max-video-preview":"max-video-preview:-1"},"canonical":"https:\/\/www.birbamergut.it\/en\/anfahrt-und-lage\/","og_locale":"en_GB","og_type":"article","og_title":"Lage & Anfahrt der Ferienwohnung am Ritten | BIRBAMERGUT","og_description":"Lage der Ferienwohnung in Lengstein und Anfahrt zum Appartment. F\u00fcr eine bequeme Route zum Ferienhaus am Ritten, und einen guten Urlaubsstart","og_url":"https:\/\/www.birbamergut.it\/en\/anfahrt-und-lage\/","og_site_name":"Birbamergut","article_modified_time":"2024-12-26T09:36:12+00:00","twitter_card":"summary_large_image","twitter_misc":{"Estimated reading time":"3 minutes"},"schema":{"@context":"https:\/\/schema.org","@graph":[{"@type":"WebPage","@id":"https:\/\/www.birbamergut.it\/anfahrt-und-lage\/","url":"https:\/\/www.birbamergut.it\/anfahrt-und-lage\/","name":"Location &amp; Approach of the holiday flat, Ritten | BIRBAMERGUT","isPartOf":{"@id":"https:\/\/www.birbamergut.it\/#website"},"datePublished":"2020-02-12T19:28:56+00:00","dateModified":"2024-12-26T09:36:12+00:00","description":"Lage der Ferienwohnung in Lengstein und Anfahrt zum Appartment. F\u00fcr eine bequeme Route zum Ferienhaus am Ritten, und einen guten Urlaubsstart","breadcrumb":{"@id":"https:\/\/www.birbamergut.it\/anfahrt-und-lage\/#breadcrumb"},"inLanguage":"en-GB","potentialAction":[{"@type":"ReadAction","target":["https:\/\/www.birbamergut.it\/anfahrt-und-lage\/"]}]},{"@type":"BreadcrumbList","@id":"https:\/\/www.birbamergut.it\/anfahrt-und-lage\/#breadcrumb","itemListElement":[{"@type":"ListItem","position":1,"name":"Startseite","item":"https:\/\/www.birbamergut.it\/"},{"@type":"ListItem","position":2,"name":"Anfahrt und Lage"}]},{"@type":"WebSite","@id":"https:\/\/www.birbamergut.it\/#website","url":"https:\/\/www.birbamergut.it\/","name":"Birbamergut","description":"Ruhe und Urlaub am Ritten","publisher":{"@id":"https:\/\/www.birbamergut.it\/#organization"},"inLanguage":"en-GB"},{"@type":"Organization","@id":"https:\/\/www.birbamergut.it\/#organization","name":"Birbamergut","url":"https:\/\/www.birbamergut.it\/","logo":{"@type":"ImageObject","inLanguage":"en-GB","@id":"https:\/\/www.birbamergut.it\/#\/schema\/logo\/image\/","url":"https:\/\/www.birbamergut.it\/content\/uploads\/2020\/01\/logo-mainpage-e1578314587238.png","contentUrl":"https:\/\/www.birbamergut.it\/content\/uploads\/2020\/01\/logo-mainpage-e1578314587238.png","width":400,"height":105,"caption":"Birbamergut"},"image":{"@id":"https:\/\/www.birbamergut.it\/#\/schema\/logo\/image\/"}}]}},"_links":{"self":[{"href":"https:\/\/www.birbamergut.it\/en\/wp-json\/wp\/v2\/pages\/998","targetHints":{"allow":["GET"]}}],"collection":[{"href":"https:\/\/www.birbamergut.it\/en\/wp-json\/wp\/v2\/pages"}],"about":[{"href":"https:\/\/www.birbamergut.it\/en\/wp-json\/wp\/v2\/types\/page"}],"author":[{"embeddable":true,"href":"https:\/\/www.birbamergut.it\/en\/wp-json\/wp\/v2\/users\/1"}],"replies":[{"embeddable":true,"href":"https:\/\/www.birbamergut.it\/en\/wp-json\/wp\/v2\/comments?post=998"}],"version-history":[{"count":1,"href":"https:\/\/www.birbamergut.it\/en\/wp-json\/wp\/v2\/pages\/998\/revisions"}],"predecessor-version":[{"id":7063,"href":"https:\/\/www.birbamergut.it\/en\/wp-json\/wp\/v2\/pages\/998\/revisions\/7063"}],"wp:attachment":[{"href":"https:\/\/www.birbamergut.it\/en\/wp-json\/wp\/v2\/media?parent=998"}],"curies":[{"name":"wp","href":"https:\/\/api.w.org\/{rel}","templated":true}]}}